{"id":8,"date":"2022-12-30T02:36:28","date_gmt":"2022-12-30T02:36:28","guid":{"rendered":"https:\/\/kancelaria-zakopane.pl\/?page_id=8"},"modified":"2024-11-14T12:42:35","modified_gmt":"2024-11-14T12:42:35","slug":"home-page","status":"publish","type":"page","link":"https:\/\/kancelaria-zakopane.pl\/","title":{"rendered":"Home Page"},"content":{"rendered":"\n<div id=\"start\" class=\"wp-block-group section-welcome\"><div class=\"wp-block-group__inner-container is-layout-constrained wp-block-group-is-layout-constrained\">\n<div class=\"wp-block-group welcome-text-content\"><div class=\"wp-block-group__inner-container is-layout-constrained wp-block-group-is-layout-constrained\">\n<h1 class=\"wp-block-heading main-banner-header2\">Justyna Pawlikowski-Bana\u015b<\/h1>\n\n\n\n<p class=\"main-banner-header2\">Kancelaria Adwokacka<\/p>\n\n\n\n<p class=\"main-banner-header3\">Pomoc prawna dostosowana<br>do Twoich potrzeb<\/p>\n<\/div><\/div>\n<\/div><\/div>\n\n\n\n<div id=\"about-law-firm\" class=\"wp-block-group section-about-law-firm\"><div class=\"wp-block-group__inner-container is-layout-constrained wp-block-group-is-layout-constrained\">\n<div class=\"wp-block-group section-header\"><div class=\"wp-block-group__inner-container is-layout-constrained wp-block-group-is-layout-constrained\">\n<h2 class=\"wp-block-heading\">O Kancelarii<\/h2>\n<\/div><\/div>\n\n\n\n<div class=\"wp-block-group about-law-firm-content\"><div class=\"wp-block-group__inner-container is-layout-constrained wp-block-group-is-layout-constrained\">\n<div class=\"wp-block-group about-law-firm-image\"><div class=\"wp-block-group__inner-container is-layout-constrained wp-block-group-is-layout-constrained\">\n<figure class=\"wp-block-image size-full is-resized\"><img loading=\"lazy\" decoding=\"async\" width=\"1024\" height=\"1536\" src=\"https:\/\/kancelaria-zakopane.pl\/wp-content\/uploads\/2024\/11\/IMG_6900\u043a\u043e\u043f\u0456\u044f\u043a\u043e\u043f\u0456\u044f.jpg\" alt=\"\" class=\"wp-image-39\" style=\"width:422px;height:auto\" srcset=\"https:\/\/kancelaria-zakopane.pl\/wp-content\/uploads\/2024\/11\/IMG_6900\u043a\u043e\u043f\u0456\u044f\u043a\u043e\u043f\u0456\u044f.jpg 1024w, https:\/\/kancelaria-zakopane.pl\/wp-content\/uploads\/2024\/11\/IMG_6900\u043a\u043e\u043f\u0456\u044f\u043a\u043e\u043f\u0456\u044f-200x300.jpg 200w, https:\/\/kancelaria-zakopane.pl\/wp-content\/uploads\/2024\/11\/IMG_6900\u043a\u043e\u043f\u0456\u044f\u043a\u043e\u043f\u0456\u044f-683x1024.jpg 683w, https:\/\/kancelaria-zakopane.pl\/wp-content\/uploads\/2024\/11\/IMG_6900\u043a\u043e\u043f\u0456\u044f\u043a\u043e\u043f\u0456\u044f-768x1152.jpg 768w, https:\/\/kancelaria-zakopane.pl\/wp-content\/uploads\/2024\/11\/IMG_6900\u043a\u043e\u043f\u0456\u044f\u043a\u043e\u043f\u0456\u044f-16x24.jpg 16w, https:\/\/kancelaria-zakopane.pl\/wp-content\/uploads\/2024\/11\/IMG_6900\u043a\u043e\u043f\u0456\u044f\u043a\u043e\u043f\u0456\u044f-24x36.jpg 24w, https:\/\/kancelaria-zakopane.pl\/wp-content\/uploads\/2024\/11\/IMG_6900\u043a\u043e\u043f\u0456\u044f\u043a\u043e\u043f\u0456\u044f-32x48.jpg 32w\" sizes=\"auto, (max-width: 1024px) 100vw, 1024px\" \/><\/figure>\n<\/div><\/div>\n\n\n\n<div class=\"wp-block-group about-law-firm-text-content\"><div class=\"wp-block-group__inner-container is-layout-constrained wp-block-group-is-layout-constrained\">\n<h3 class=\"wp-block-heading\">Adwokat Justyna Pawlikowski-Bana\u015b<\/h3>\n\n\n\n<p>Absolwentka studi\u00f3w prawniczych na Wydziale Prawa i Administracji Uniwersytetu Jagiello\u0144skiego w Krakowie, kt\u00f3re uko\u0144czy\u0142a broni\u0105c pracy magisterskiej w Katedrze Post\u0119powania Karnego. Od 2019 r. cz\u0142onek Krakowskiej Izby Adwokackiej. Swoje do\u015bwiadczenie zawodowe zdobywa\u0142a pracuj\u0105c przez kilka lat w renomowanych krakowskich kancelariach adwokackich. W swojej praktyce zajmuje si\u0119 zar\u00f3wno obs\u0142ug\u0105 klient\u00f3w indywidualnych, jak i przedsi\u0119biorc\u00f3w, zapewniaj\u0105c profesjonaln\u0105 pomoc prawn\u0105 dostosowan\u0105 do potrzeb klienta.<\/p>\n\n\n\n<p>Swoj\u0105 praktyk\u0119 prowadzi g\u0142\u00f3wnie na terenie wojew\u00f3dztwa ma\u0142opolskiego. Siedziba kancelarii mie\u015bci si\u0119 w Zakopanem, a filia w Krakowie.<\/p>\n\n\n\n<blockquote class=\"wp-block-quote has-text-align-left is-layout-flow wp-block-quote-is-layout-flow\">\n<p><\/p>\n<cite>&#8222;Do ka\u017cdej powierzonej mi sprawy podchodz\u0119 indywidualnie i z pe\u0142nym zaanga\u017cowaniem. Za cel stawiam sobie znalezienie najlepszych rozwi\u0105za\u0144 dla problem\u00f3w prawnych moich klient\u00f3w. Zawsze staram si\u0119 by\u0107 dyspozycyjna i pozostawa\u0107 w sta\u0142ym kontakcie z klientami, informuj\u0105c ich o stanie prowadzonych spraw i poczynionych post\u0119pach.<br>Serdecznie zapraszam do wsp\u00f3\u0142pracy.&#8221;<br><strong>adw. Justyna Pawlikowski-Bana\u015b<\/strong><\/cite><\/blockquote>\n<\/div><\/div>\n<\/div><\/div>\n<\/div><\/div>\n\n\n\n<div id=\"area-of-practice\" class=\"wp-block-group section-areas-of-practice\"><div class=\"wp-block-group__inner-container is-layout-constrained wp-block-group-is-layout-constrained\">\n<div class=\"wp-block-group section-header\"><div class=\"wp-block-group__inner-container is-layout-constrained wp-block-group-is-layout-constrained\">\n<h2 class=\"wp-block-heading\">Zakres us\u0142ug<\/h2>\n\n\n\n<p>Kancelaria zapewnia kompleksowe wsparcie prawne klientom indywidualnym, jak i podmiotom gospodarczym, zar\u00f3wno poprzez dora\u017ane udzielanie porad prawnych i sporz\u0105dzanie pism, jak r\u00f3wnie\u017c poprzez ca\u0142o\u015bciowe prowadzenie zleconych spraw. Reprezentujemy klient\u00f3w na wszystkich etapach post\u0119powania przed s\u0105dami, organami post\u0119powania przygotowawczego i urz\u0119dami, a tak\u017ce przy czynno\u015bciach przeds\u0105dowych. Prowadzimy sprawy z obszaru nast\u0119puj\u0105cych dziedzin prawa:<\/p>\n<\/div><\/div>\n\n\n\n<div class=\"wp-block-group areas-of-practice\"><div class=\"wp-block-group__inner-container is-layout-constrained wp-block-group-is-layout-constrained\">\n<div class=\"wp-block-group row\"><div class=\"wp-block-group__inner-container is-layout-constrained wp-block-group-is-layout-constrained\">\n<p class=\"practice\">PRAWO KARNE,<br>KARNE SKARBOWE<br>I GOSPODARCZE<\/p>\n\n\n\n<p class=\"practice\">PRAWO CYWILNE<\/p>\n\n\n\n<p class=\"practice\">PRAWO<br>RODZINNE<br>I OPIEKU\u0143CZE<\/p>\n<\/div><\/div>\n\n\n\n<div class=\"wp-block-group row\"><div class=\"wp-block-group__inner-container is-layout-constrained wp-block-group-is-layout-constrained\">\n<p class=\"practice\">PRAWO GOSPODARCZE<\/p>\n\n\n\n<p class=\"practice\">PRAWO<br>ODSZKODOWAWCZE<\/p>\n\n\n\n<p class=\"practice\">PRAWO<br>ADMINISTRACYJNE<\/p>\n<\/div><\/div>\n<\/div><\/div>\n<\/div><\/div>\n\n\n\n<div id=\"contact\" class=\"wp-block-group section-contact\"><div class=\"wp-block-group__inner-container is-layout-constrained wp-block-group-is-layout-constrained\">\n<div class=\"wp-block-group section-header\"><div class=\"wp-block-group__inner-container is-layout-constrained wp-block-group-is-layout-constrained\">\n<h2 class=\"wp-block-heading\">Kontakt<\/h2>\n\n\n\n<p>Je\u017celi potrzebuj\u0105 Pa\u0144stwo pomocy prawnej zapraszamy do kontaktu.<\/p>\n\n\n\n<div class=\"wp-block-group contact-button\"><div class=\"wp-block-group__inner-container is-layout-constrained wp-block-group-is-layout-constrained\">\n<p>+48 514 419 971<\/p>\n\n\n\n<p>j.pawlikowski@kancelaria-zakopane.pl<\/p>\n<\/div><\/div>\n<\/div><\/div>\n\n\n\n<div class=\"wp-block-group contact-details\"><div class=\"wp-block-group__inner-container is-layout-constrained wp-block-group-is-layout-constrained\">\n<div class=\"wp-block-group contact-details-maps\"><div class=\"wp-block-group__inner-container is-layout-constrained wp-block-group-is-layout-constrained\">\n<div class=\"wp-block-group contact-map-group\"><div class=\"wp-block-group__inner-container is-layout-constrained wp-block-group-is-layout-constrained\">\n<p>Kancelaria Adwokacka <strong>Zakopane<\/strong><\/p>\n\n\n<style type=\"text\/css\" id=\"gmpMapStyles_2_75983\">\n\t#google_map_easy_2_75983 {\n        width: 100%;\n        height: 350px;\n\t\t\t\t\t\t    }\n\t#gmapControlsNum_2_75983 {\n\t\twidth:100%\t}\n\t.gmpMapDetailsContainer#gmpMapDetailsContainer_2_75983 {\n\t\theight:350px;\n\t}\n\t.gmp_MapPreview#google_map_easy_2_75983 {\n\t\t\/*position:absolute;*\/\n\t\twidth: 100%;\n\t}\n\t#mapConElem_2_75983{\n\t\twidth: 100%\t}\n    .gm-style .gm-style-iw-c{\n        padding: 12px!important;\n    }\n\t    <\/style>\n <div class=\"gmp_map_opts\" id=\"mapConElem_2_75983\" data-id=\"2\" data-view-id=\"2_75983\" > <div class=\"gmpMapDetailsContainer\" id=\"gmpMapDetailsContainer_2_75983\"> <i class=\"gmpKMLLayersPreloader fa fa-spinner fa-spin\" aria-hidden=\"true\" style=\"display: none;\"><\/i> <div class=\"gmp_MapPreview \" id=\"google_map_easy_2_75983\"><\/div> <\/div> <div class=\"gmpMapMarkerFilters\" id=\"gmpMapMarkerFilters_2_75983\"> <\/div> <div class=\"gmpMapProControlsCon\" id=\"gmpMapProControlsCon_2_75983\"> <\/div> <div class=\"gmpMapProDirectionsCon\" id=\"gmpMapProDirectionsCon_2_75983\" > <\/div> <div class=\"gmpMapProKmlFilterCon\" id=\"gmpMapProKmlFilterCon_2_75983\" > <\/div> <div class=\"gmpSocialSharingShell gmpSocialSharingShell_2_75983\"> <\/div> <div style=\"clear: both;\"><\/div> <\/div> \n\n\n\n<p><strong>ul. Stanis\u0142awa Witkiewicza 12 | 34-500 Zakopane<\/strong><\/p>\n<\/div><\/div>\n\n\n\n<div class=\"wp-block-group contact-map-group\"><div class=\"wp-block-group__inner-container is-layout-constrained wp-block-group-is-layout-constrained\">\n<p>Kancelaria Adwokacka | Filia<\/p>\n\n\n<style type=\"text\/css\" id=\"gmpMapStyles_2_3883\">\n\t#google_map_easy_2_3883 {\n        width: 100%;\n        height: 350px;\n\t\t\t\t\t\t    }\n\t#gmapControlsNum_2_3883 {\n\t\twidth:100%\t}\n\t.gmpMapDetailsContainer#gmpMapDetailsContainer_2_3883 {\n\t\theight:350px;\n\t}\n\t.gmp_MapPreview#google_map_easy_2_3883 {\n\t\t\/*position:absolute;*\/\n\t\twidth: 100%;\n\t}\n\t#mapConElem_2_3883{\n\t\twidth: 100%\t}\n    .gm-style .gm-style-iw-c{\n        padding: 12px!important;\n    }\n\t    <\/style>\n <div class=\"gmp_map_opts\" id=\"mapConElem_2_3883\" data-id=\"2\" data-view-id=\"2_3883\" > <div class=\"gmpMapDetailsContainer\" id=\"gmpMapDetailsContainer_2_3883\"> <i class=\"gmpKMLLayersPreloader fa fa-spinner fa-spin\" aria-hidden=\"true\" style=\"display: none;\"><\/i> <div class=\"gmp_MapPreview \" id=\"google_map_easy_2_3883\"><\/div> <\/div> <div class=\"gmpMapMarkerFilters\" id=\"gmpMapMarkerFilters_2_3883\"> <\/div> <div class=\"gmpMapProControlsCon\" id=\"gmpMapProControlsCon_2_3883\"> <\/div> <div class=\"gmpMapProDirectionsCon\" id=\"gmpMapProDirectionsCon_2_3883\" > <\/div> <div class=\"gmpMapProKmlFilterCon\" id=\"gmpMapProKmlFilterCon_2_3883\" > <\/div> <div class=\"gmpSocialSharingShell gmpSocialSharingShell_2_3883\"> <\/div> <div style=\"clear: both;\"><\/div> <\/div> \n\n\n\n<p><strong>ul. Skib\u00f3wki 9E |  34-500 Zakopane <\/strong><\/p>\n<\/div><\/div>\n<\/div><\/div>\n\n\n\n<div class=\"wp-block-group contact-details-data\"><div class=\"wp-block-group__inner-container is-layout-constrained wp-block-group-is-layout-constrained\">\n<div class=\"wp-block-group contact-details-direct\"><div class=\"wp-block-group__inner-container is-layout-constrained wp-block-group-is-layout-constrained\">\n<p>+48 514 419 971<\/p>\n\n\n\n<p>j.pawlikowski@kancelaria-zakopane.pl<\/p>\n<\/div><\/div>\n\n\n\n<div class=\"wp-block-group contact-details-hours\"><div class=\"wp-block-group__inner-container is-layout-constrained wp-block-group-is-layout-constrained\">\n<p>Godziny otwarcia Kancelarii<\/p>\n\n\n\n<p>Poniedzia\u0142ek &#8211; pi\u0105tek | 09:00 &#8211; 16:00<\/p>\n<\/div><\/div>\n<\/div><\/div>\n\n\n\n<div class=\"wp-block-group contact-details-note\"><div class=\"wp-block-group__inner-container is-layout-constrained wp-block-group-is-layout-constrained\">\n<p>Spotkania w siedzibie kancelarii odbywaj\u0105 si\u0119 po wcze\u015bniejszym uzgodnieniu terminu<\/p>\n<\/div><\/div>\n<\/div><\/div>\n<\/div><\/div>\n\n\n\n<div class=\"wp-block-group section-contact-form\"><div class=\"wp-block-group__inner-container is-layout-constrained wp-block-group-is-layout-constrained\">\n<div class=\"wp-block-group section-header\"><div class=\"wp-block-group__inner-container is-layout-constrained wp-block-group-is-layout-constrained\">\n<h2 class=\"wp-block-heading\">Formularz kontaktowy<\/h2>\n\n\n\n<h4 class=\"wp-block-heading\">Je\u017celi zale\u017cy Ci na szybkim kontakcie z nami to wype\u0142nij formularz, a Twoja sprawa na pewno do nas trafi.<\/h4>\n<\/div><\/div>\n\n\n\n<div class=\"wp-block-group contact-form\"><div class=\"wp-block-group__inner-container is-layout-constrained wp-block-group-is-layout-constrained\">\n<div class=\"wpcf7 no-js\" id=\"wpcf7-f6-o1\" lang=\"pl-PL\" dir=\"ltr\">\n<div class=\"screen-reader-response\"><p role=\"status\" aria-live=\"polite\" aria-atomic=\"true\"><\/p> <ul><\/ul><\/div>\n<form action=\"\/index.php?rest_route=%2Fwp%2Fv2%2Fpages%2F8#wpcf7-f6-o1\" method=\"post\" class=\"wpcf7-form init\" aria-label=\"Formularz kontaktowy\" novalidate=\"novalidate\" data-status=\"init\">\n<div style=\"display: none;\">\n<input type=\"hidden\" name=\"_wpcf7\" value=\"6\" \/>\n<input type=\"hidden\" name=\"_wpcf7_version\" value=\"5.7.7\" \/>\n<input type=\"hidden\" name=\"_wpcf7_locale\" value=\"pl_PL\" \/>\n<input type=\"hidden\" name=\"_wpcf7_unit_tag\" value=\"wpcf7-f6-o1\" \/>\n<input type=\"hidden\" name=\"_wpcf7_container_post\" value=\"0\" \/>\n<input type=\"hidden\" name=\"_wpcf7_posted_data_hash\" value=\"\" \/>\n<input type=\"hidden\" name=\"_wpcf7_recaptcha_response\" value=\"\" \/>\n<\/div>\n<div>\n\t<p><span class=\"wpcf7-form-control-wrap\" data-name=\"Name\"><input size=\"40\" class=\"wpcf7-form-control wpcf7-text wpcf7-validates-as-required\" aria-required=\"true\" aria-invalid=\"false\" placeholder=\"Imi\u0119 i nazwisko*\" value=\"\" type=\"text\" name=\"Name\" \/><\/span>\n\t<\/p>\n<\/div>\n<div>\n\t<p><span class=\"wpcf7-form-control-wrap\" data-name=\"Temat\"><input size=\"40\" class=\"wpcf7-form-control wpcf7-text wpcf7-validates-as-required\" aria-required=\"true\" aria-invalid=\"false\" placeholder=\"Temat*\" value=\"\" type=\"text\" name=\"Temat\" \/><\/span>\n\t<\/p>\n<\/div>\n<div>\n\t<p><span class=\"wpcf7-form-control-wrap\" data-name=\"phone-number\"><input size=\"40\" class=\"wpcf7-form-control wpcf7-text wpcf7-tel wpcf7-validates-as-tel\" aria-invalid=\"false\" placeholder=\"Numer telefonu\" value=\"\" type=\"tel\" name=\"phone-number\" \/><\/span>\n\t<\/p>\n<\/div>\n<div>\n\t<p><span class=\"wpcf7-form-control-wrap\" data-name=\"your-email\"><input size=\"40\" class=\"wpcf7-form-control wpcf7-text wpcf7-email wpcf7-validates-as-required wpcf7-validates-as-email\" aria-required=\"true\" aria-invalid=\"false\" placeholder=\"E-mail*\" value=\"\" type=\"email\" name=\"your-email\" \/><\/span>\n\t<\/p>\n<\/div>\n<div>\n\t<p><span class=\"wpcf7-form-control-wrap\" data-name=\"your-message\"><textarea cols=\"40\" rows=\"10\" class=\"wpcf7-form-control wpcf7-textarea wpcf7-validates-as-required\" aria-required=\"true\" aria-invalid=\"false\" placeholder=\"Tre\u015b\u0107 wiadomo\u015bci*\" name=\"your-message\"><\/textarea><\/span>\n\t<\/p>\n<\/div>\n<p class=\"form-notice\">*gwiazdka oznacza pole wymagane\n<\/p>\n<div class=\"submit-form\">\n\t<p><input class=\"wpcf7-form-control has-spinner wpcf7-submit\" type=\"submit\" value=\"Wy\u015blij\" \/>\n\t<\/p>\n<\/div><div class=\"wpcf7-response-output\" aria-hidden=\"true\"><\/div>\n<\/form>\n<\/div>\n\n<\/div><\/div>\n<\/div><\/div>\n","protected":false},"excerpt":{"rendered":"<p>Justyna Pawlikowski-Bana\u015b Kancelaria Adwokacka Pomoc prawna dostosowanado Twoich potrzeb O Kancelarii Adwokat Justyna Pawlikowski-Bana\u015b Absolwentka studi\u00f3w prawniczych na Wydziale Prawa i Administracji Uniwersytetu Jagiello\u0144skiego w Krakowie, kt\u00f3re uko\u0144czy\u0142a broni\u0105c pracy magisterskiej w Katedrze Post\u0119powania Karnego. Od 2019 r. cz\u0142onek Krakowskiej Izby Adwokackiej. Swoje do\u015bwiadczenie zawodowe zdobywa\u0142a pracuj\u0105c przez kilka lat w renomowanych krakowskich kancelariach adwokackich. [&hellip;]<\/p>\n","protected":false},"author":2,"featured_media":0,"parent":0,"menu_order":0,"comment_status":"closed","ping_status":"closed","template":"","meta":{"footnotes":""},"class_list":["post-8","page","type-page","status-publish","hentry"],"_links":{"self":[{"href":"https:\/\/kancelaria-zakopane.pl\/index.php?rest_route=\/wp\/v2\/pages\/8","targetHints":{"allow":["GET"]}}],"collection":[{"href":"https:\/\/kancelaria-zakopane.pl\/index.php?rest_route=\/wp\/v2\/pages"}],"about":[{"href":"https:\/\/kancelaria-zakopane.pl\/index.php?rest_route=\/wp\/v2\/types\/page"}],"author":[{"embeddable":true,"href":"https:\/\/kancelaria-zakopane.pl\/index.php?rest_route=\/wp\/v2\/users\/2"}],"replies":[{"embeddable":true,"href":"https:\/\/kancelaria-zakopane.pl\/index.php?rest_route=%2Fwp%2Fv2%2Fcomments&post=8"}],"version-history":[{"count":17,"href":"https:\/\/kancelaria-zakopane.pl\/index.php?rest_route=\/wp\/v2\/pages\/8\/revisions"}],"predecessor-version":[{"id":46,"href":"https:\/\/kancelaria-zakopane.pl\/index.php?rest_route=\/wp\/v2\/pages\/8\/revisions\/46"}],"wp:attachment":[{"href":"https:\/\/kancelaria-zakopane.pl\/index.php?rest_route=%2Fwp%2Fv2%2Fmedia&parent=8"}],"curies":[{"name":"wp","href":"https:\/\/api.w.org\/{rel}","templated":true}]}}